{"id":1542,"date":"2017-03-11T09:57:56","date_gmt":"2017-03-11T09:57:56","guid":{"rendered":"https:\/\/www.comsatspain.com\/en\/?page_id=1542"},"modified":"2021-04-22T18:30:28","modified_gmt":"2021-04-22T18:30:28","slug":"inspection-tables","status":"publish","type":"page","link":"https:\/\/www.comsatspain.com\/en\/inspection-tables\/","title":{"rendered":"INSPECTION TABLES"},"content":{"rendered":"<p>[vc_row anchor=&#8221;inspeccionar&#8221;][vc_column][vc_column_text]<\/p>\n<h2>INSPECTION MACHINES OFFICE \/ \u00a0MATEX<\/h2>\n<p>Mediante la utilizaci\u00f3n de las mesas de inspeccionar serie Office y Matex se obtiene la certeza que los tejidos producidos cumplen con los est\u00e1ndares de calidad en todo momento.<\/p>\n<p>El equipo t\u00e9cnico altamente especializado de COMSAT presenta dise\u00f1os adaptados a las necesidades de cada aplicaci\u00f3n partiendo de la base de una de las series Office o Matex ofreciendo as\u00ed una respuesta perfecta a los requerimientos t\u00e9cnicos de cada cliente.<\/p>\n<p>La construcci\u00f3n de las mesas de inspeccionar parten de las configuraciones b\u00e1sicas: de rollo a rollo, de pliegue a rollo, de rollo a pliegue o de pliegue a pliegue, pudiendo combinar algunas de ellas.<\/p>\n<p><strong>Accesorios opcionales<\/strong><\/p>\n<ul>\n<li>Cuenta metros programable<\/li>\n<li>Guiador de orillos<\/li>\n<li>Pantalla iluminada por transparencia<\/li>\n<li>Control de tensi\u00f3n del tejido<\/li>\n<li>Control de la densidad del rollo<\/li>\n<li>Iluminaci\u00f3n exterior<\/li>\n<li>Posibilidad de instalaci\u00f3n de un sistema de gesti\u00f3n de taras mediante pantalla t\u00e1ctil<\/li>\n<\/ul>\n<p>[\/vc_column_text][\/vc_column][\/vc_row][vc_row][vc_column width=&#8221;1\/3&#8243;][vc_single_image image=&#8221;1547&#8243; img_size=&#8221;550&#215;250&#8243; add_caption=&#8221;yes&#8221; alignment=&#8221;center&#8221; onclick=&#8221;link_image&#8221;][vc_single_image image=&#8221;1653&#8243; img_size=&#8221;550&#215;250&#8243; add_caption=&#8221;yes&#8221; alignment=&#8221;center&#8221; onclick=&#8221;link_image&#8221;][\/vc_column][vc_column width=&#8221;1\/3&#8243;][vc_single_image image=&#8221;1546&#8243; img_size=&#8221;550&#215;250&#8243; add_caption=&#8221;yes&#8221; alignment=&#8221;center&#8221; onclick=&#8221;link_image&#8221;][vc_single_image image=&#8221;1655&#8243; img_size=&#8221;550&#215;250&#8243; add_caption=&#8221;yes&#8221; alignment=&#8221;center&#8221; onclick=&#8221;link_image&#8221;][\/vc_column][vc_column width=&#8221;1\/3&#8243;][vc_single_image image=&#8221;1545&#8243; img_size=&#8221;550&#215;250&#8243; add_caption=&#8221;yes&#8221; alignment=&#8221;center&#8221; onclick=&#8221;link_image&#8221;][vc_single_image image=&#8221;1657&#8243; img_size=&#8221;550&#215;250&#8243; add_caption=&#8221;yes&#8221; alignment=&#8221;center&#8221; onclick=&#8221;link_image&#8221;][\/vc_column][\/vc_row]<\/p>\n","protected":false},"excerpt":{"rendered":"<p>[vc_row anchor=&#8221;inspeccionar&#8221;][vc_column][vc_column_text] INSPECTION MACHINES OFFICE \/ \u00a0MATEX Mediante la utilizaci\u00f3n de las mesas de inspeccionar serie Office y Matex se obtiene la certeza que los tejidos producidos cumplen con los est\u00e1ndares de calidad en todo momento. El equipo t\u00e9cnico altamente especializado de COMSAT presenta dise\u00f1os adaptados a las necesidades de cada aplicaci\u00f3n partiendo de la&hellip;<\/p>\n","protected":false},"author":1,"featured_media":0,"parent":0,"menu_order":0,"comment_status":"closed","ping_status":"closed","template":"","meta":[],"_links":{"self":[{"href":"https:\/\/www.comsatspain.com\/en\/wp-json\/wp\/v2\/pages\/1542"}],"collection":[{"href":"https:\/\/www.comsatspain.com\/en\/wp-json\/wp\/v2\/pages"}],"about":[{"href":"https:\/\/www.comsatspain.com\/en\/wp-json\/wp\/v2\/types\/page"}],"author":[{"embeddable":true,"href":"https:\/\/www.comsatspain.com\/en\/wp-json\/wp\/v2\/users\/1"}],"replies":[{"embeddable":true,"href":"https:\/\/www.comsatspain.com\/en\/wp-json\/wp\/v2\/comments?post=1542"}],"version-history":[{"count":3,"href":"https:\/\/www.comsatspain.com\/en\/wp-json\/wp\/v2\/pages\/1542\/revisions"}],"predecessor-version":[{"id":1768,"href":"https:\/\/www.comsatspain.com\/en\/wp-json\/wp\/v2\/pages\/1542\/revisions\/1768"}],"wp:attachment":[{"href":"https:\/\/www.comsatspain.com\/en\/wp-json\/wp\/v2\/media?parent=1542"}],"curies":[{"name":"wp","href":"https:\/\/api.w.org\/{rel}","templated":true}]}}