{"id":1329,"date":"2016-11-27T17:18:12","date_gmt":"2016-11-27T17:18:12","guid":{"rendered":"https:\/\/www.comsatspain.com\/en\/?page_id=1329"},"modified":"2016-11-27T17:18:12","modified_gmt":"2016-11-27T17:18:12","slug":"privacy-policy","status":"publish","type":"page","link":"https:\/\/www.comsatspain.com\/en\/privacy-policy\/","title":{"rendered":"Privacy Policy"},"content":{"rendered":"<p>En cumplimiento de la Ley Org\u00e1nica 15\/1999 de 13 de Diciembre de Protecci\u00f3n de Datos de Car\u00e1cter Personal, mediante la presente comunicaci\u00f3n Usted queda informado de forma precisa de que sus datos de car\u00e1cter personal que nos pudiera facilitar, ser\u00e1n incorporados a un fichero de datos de titularidad de Construcciones Mataro Servicios Y Asistencia Tecnica, S.L. (en adelante COMSAT), con la finalidad de dar respuesta a las consultas que el usuario nos haga llegar a trav\u00e9s de nuestro formulario de contacto.<\/p>\n<p>El interesado es el \u00fanico responsable de la veracidad y de la correcci\u00f3n de los datos facilitados a COMSAT, qui\u00e9n por tanto queda eximido de cualquier responsabilidad relacionada con esos datos.<\/p>\n<p>La no cumplimentaci\u00f3n por parte del Usuario de todos los campos marcados como obligatorios en los formularios electr\u00f3nicos podr\u00e1 comportar que no podamos atender a su solicitud.<\/p>\n<p>Cualquier menor de 14 a\u00f1os deber\u00e1 abstenerse de facilitar sus datos de car\u00e1cter personal.<\/p>\n<p>COMSAT se compromete al cumplimiento de su obligaci\u00f3n\u00a0 de secreto de los datos de car\u00e1cter personal y evitar\u00e1 su alteraci\u00f3n, tratamiento o acceso no autorizado en todo momento y en ning\u00fan caso ser\u00e1n cedidos a terceros sin su previo consentimiento.<\/p>\n<p>Se informa de que para atender la tramitaci\u00f3n de sus solicitudes de forma eficaz y eficiente, sus datos pueden ser cedidos a las diferentes empresas de COMSAT, sirviendo el presente aviso legal como consentimiento inequ\u00edvoco, con el \u00fanico objetivo de dar cumplimiento a la finalidad anteriormente expuesta.<\/p>\n<p>Por \u00faltimo, informamos de que en cualquier momento Usted podr\u00e1 ejercitar los derechos de oposici\u00f3n, acceso, rectificaci\u00f3n y cancelaci\u00f3n\u00a0 respecto a sus datos personales a la direcci\u00f3n de e-mail comsat@comsatspain.com incluyendo el nombre, apellidos, fotocopia de su D.N.I. o documento identificativo, direcci\u00f3n de correo electr\u00f3nico e indicaci\u00f3n del derecho que se ejerce.<\/p>\n","protected":false},"excerpt":{"rendered":"<p>En cumplimiento de la Ley Org\u00e1nica 15\/1999 de 13 de Diciembre de Protecci\u00f3n de Datos de Car\u00e1cter Personal, mediante la presente comunicaci\u00f3n Usted queda informado de forma precisa de que sus datos de car\u00e1cter personal que nos pudiera facilitar, ser\u00e1n incorporados a un fichero de datos de titularidad de Construcciones Mataro Servicios Y Asistencia Tecnica,&hellip;<\/p>\n","protected":false},"author":1,"featured_media":0,"parent":0,"menu_order":0,"comment_status":"closed","ping_status":"closed","template":"","meta":[],"_links":{"self":[{"href":"https:\/\/www.comsatspain.com\/en\/wp-json\/wp\/v2\/pages\/1329"}],"collection":[{"href":"https:\/\/www.comsatspain.com\/en\/wp-json\/wp\/v2\/pages"}],"about":[{"href":"https:\/\/www.comsatspain.com\/en\/wp-json\/wp\/v2\/types\/page"}],"author":[{"embeddable":true,"href":"https:\/\/www.comsatspain.com\/en\/wp-json\/wp\/v2\/users\/1"}],"replies":[{"embeddable":true,"href":"https:\/\/www.comsatspain.com\/en\/wp-json\/wp\/v2\/comments?post=1329"}],"version-history":[{"count":2,"href":"https:\/\/www.comsatspain.com\/en\/wp-json\/wp\/v2\/pages\/1329\/revisions"}],"predecessor-version":[{"id":1334,"href":"https:\/\/www.comsatspain.com\/en\/wp-json\/wp\/v2\/pages\/1329\/revisions\/1334"}],"wp:attachment":[{"href":"https:\/\/www.comsatspain.com\/en\/wp-json\/wp\/v2\/media?parent=1329"}],"curies":[{"name":"wp","href":"https:\/\/api.w.org\/{rel}","templated":true}]}}