{"id":1310,"date":"2016-11-27T17:01:49","date_gmt":"2016-11-27T17:01:49","guid":{"rendered":"https:\/\/www.comsatspain.com\/en\/?page_id=1310"},"modified":"2016-11-27T17:01:49","modified_gmt":"2016-11-27T17:01:49","slug":"legal-notice","status":"publish","type":"page","link":"https:\/\/www.comsatspain.com\/en\/legal-notice\/","title":{"rendered":"Legal Notice"},"content":{"rendered":"<h3><strong>INFORMACI\u00d3N GENERAL<\/strong><\/h3>\n<p>Esta web est\u00e1 considerada como un servicio para COMSAT\u00a0siendo el propietario de todos los derechos. A estos efectos, COMSAT est\u00e1 representado por la siguiente sociedad: Construcciones Mataro Servicios Y Asistencia Tecnica, S.L. con domicilio social en Avda. Mart\u00ed i Pol, 1 SEVA, Barcelona y CIF \u00a0B64972839. COMSAT a trav\u00e9s de la sociedad anterior presta los servicios expresados en las distintas partes de la web.<\/p>\n<h3><strong>OBJETO<\/strong><\/h3>\n<p>Este sitio web ha sido dise\u00f1ado para dar a conocer y permitir el acceso general para todos los usuarios a la informaci\u00f3n y productos ofrecidos por COMSAT .<\/p>\n<p>En cualquier momento COMSAT tiene el derecho de modificar, sin previo aviso, el dise\u00f1o, presentaci\u00f3n y\/o la configuraci\u00f3n del sitio web, as\u00ed como algunos o todos los contenidos. COMSAT tambi\u00e9n puede modificar el contenido general y\/o las condiciones particulares requeridos para utilizar el contenido de la p\u00e1gina.<\/p>\n<p>COMSAT ha obtenido la informaci\u00f3n publicada en esta p\u00e1gina web de fuentes consideradas como fiables, no obstante, no garantiza que la misma sea exacta, completa o actualizada.<\/p>\n<p>Los precios de los inmuebles publicados no incluyen los impuestos ni gastos que se puedan derivar en cada caso.<\/p>\n<h3><strong>RESPONSABILIDAD<\/strong><\/h3>\n<p>El contenido de la p\u00e1gina web tiene car\u00e1cter informativo general y, por tanto, podr\u00eda resultar insuficiente para la adopci\u00f3n por el usuario de una decisi\u00f3n personal o de negocio. COMSAT no est\u00e1 obligada, en ning\u00fan caso, a demostrar la veracidad, exactitud, idoneidad, integridad y vigencia del contenido. El usuario acepta que la utilizaci\u00f3n de la p\u00e1gina web y\/o del Contenido ser\u00e1 bajo su cuenta y riesgo. En la medida en que la legislaci\u00f3n aplicable lo permita, COMSAT no asume ning\u00fan tipo de responsabilidad por las decisiones adoptadas por el usuario bas\u00e1ndose en la informaci\u00f3n facilitada en la p\u00e1gina web, ni por los da\u00f1os directos o indirectos que pueda sufrir como resultado de actuaciones basadas en el sitio o los contenidos.<\/p>\n<p>COMSAT no se hace responsable de cualquier deficiencia en el servicio prestado por el servidor, ni las redes de comunicaci\u00f3n, ni los problemas resultantes del mal funcionamiento o uso de versiones no optimizadas de los navegadores.<\/p>\n<p>COMSAT no se hace responsable de los da\u00f1os causados por cualquier virus inform\u00e1tico ni que se deriven de navegar por sus p\u00e1ginas web.<\/p>\n<p>COMSAT no se responsabiliza de los contenidos y opiniones de terceros vertidos en su sitio web, ni de la informaci\u00f3n contenida en las p\u00e1ginas web de terceros a las que pueda acceder por enlaces\u00a0 o buscadores del sitio web, puesto que la funci\u00f3n de \u00e9stas es informar al Usuario sobre la existencia de otras fuentes de informaci\u00f3n sobre la materia en Internet donde podr\u00e1 ampliar los datos ofrecidos en este sitio web, y en ning\u00fan caso supone sugerencia, invitaci\u00f3n o recomendaci\u00f3n de los mismos. Por todo ello, COMSAT no se responsabiliza del resultado obtenido a trav\u00e9s de dichos enlaces.<\/p>\n<h3><strong>PROPIEDAD INDUSTRIAL E INTELECTUAL<\/strong><\/h3>\n<p>Este sitio web es propiedad de COMSAT . Los derechos de propiedad intelectual y derechos de uso y la reproducci\u00f3n de este sitio web, incluyendo sus logos, marcas comerciales, im\u00e1genes, fotos, gr\u00e1ficos, v\u00eddeos, p\u00e1ginas, pantallas, la informaci\u00f3n que contienen, su apariencia y dise\u00f1o, as\u00ed como los enlaces que se establezcan desde ella a otras p\u00e1ginas web que pertenecen a COMSAT o cualquier otro material o contenido, independientemente de si han sido registrados, se ha solicitado su registro o no est\u00e1n registrados, son propiedad exclusiva de \u00e9ste salvo que se especifique otra cosa. Cualquier uso indebido de las mismas por persona diferente de su leg\u00edtimo titular podr\u00eda ser procesado en virtud de la legislaci\u00f3n vigente. S\u00f3lo para uso personal y privado se permite descargar los contenidos, copiar o imprimir cualquier p\u00e1gina de este sitio web. Queda prohibido reproducir, transmitir, modificar o borrar informaci\u00f3n, contenido o advertencias de este sitio web sin previa autorizaci\u00f3n por escrito de COMSAT . En este sentido, COMSAT se reserva el ejercicio de las acciones legales oportunas en defensa de sus derechos.<\/p>\n<p>Queda prohibido a los usuarios del sitio web violar o intentar violar las medidas de seguridad del mismo, incluyendo, sin limitaci\u00f3n:<\/p>\n<p>(1) Intentar analizar o probar la vulnerabilidad del sistema o red o violar las medidas de seguridad o autenticaci\u00f3n sin la debida autorizaci\u00f3n;<\/p>\n<p>(2) Intentar interferir en la prestaci\u00f3n de servicio a cualquier usuario, equipo o red, incluyendo, sin limitaci\u00f3n, ataques por sobrecarga, &#8220;flooding&#8221;, &#8220;mail bombing&#8221; o &#8220;crash&#8221;; o<\/p>\n<p>(3) El intento de infiltrarse en la totalidad o parte del contenido del sitio, as\u00ed como borrar o cambiar cualquier contenido del sitio.<\/p>\n","protected":false},"excerpt":{"rendered":"<p>INFORMACI\u00d3N GENERAL Esta web est\u00e1 considerada como un servicio para COMSAT\u00a0siendo el propietario de todos los derechos. A estos efectos, COMSAT est\u00e1 representado por la siguiente sociedad: Construcciones Mataro Servicios Y Asistencia Tecnica, S.L. con domicilio social en Avda. Mart\u00ed i Pol, 1 SEVA, Barcelona y CIF \u00a0B64972839. COMSAT a trav\u00e9s de la sociedad anterior&hellip;<\/p>\n","protected":false},"author":1,"featured_media":0,"parent":0,"menu_order":0,"comment_status":"closed","ping_status":"closed","template":"","meta":[],"_links":{"self":[{"href":"https:\/\/www.comsatspain.com\/en\/wp-json\/wp\/v2\/pages\/1310"}],"collection":[{"href":"https:\/\/www.comsatspain.com\/en\/wp-json\/wp\/v2\/pages"}],"about":[{"href":"https:\/\/www.comsatspain.com\/en\/wp-json\/wp\/v2\/types\/page"}],"author":[{"embeddable":true,"href":"https:\/\/www.comsatspain.com\/en\/wp-json\/wp\/v2\/users\/1"}],"replies":[{"embeddable":true,"href":"https:\/\/www.comsatspain.com\/en\/wp-json\/wp\/v2\/comments?post=1310"}],"version-history":[{"count":1,"href":"https:\/\/www.comsatspain.com\/en\/wp-json\/wp\/v2\/pages\/1310\/revisions"}],"predecessor-version":[{"id":1316,"href":"https:\/\/www.comsatspain.com\/en\/wp-json\/wp\/v2\/pages\/1310\/revisions\/1316"}],"wp:attachment":[{"href":"https:\/\/www.comsatspain.com\/en\/wp-json\/wp\/v2\/media?parent=1310"}],"curies":[{"name":"wp","href":"https:\/\/api.w.org\/{rel}","templated":true}]}}